{"id":6,"date":"2023-05-19T00:34:17","date_gmt":"2023-05-19T03:34:17","guid":{"rendered":"http:\/\/paulomallard.com.br\/?page_id=6"},"modified":"2023-05-19T10:18:41","modified_gmt":"2023-05-19T13:18:41","slug":"crie-seu-site-com-blocos","status":"publish","type":"page","link":"https:\/\/paulomallard.com.br\/","title":{"rendered":""},"content":{"rendered":"\n<pre class=\"wp-block-preformatted has-medium-font-size\">Sou m\u00e9dico neurocirurgi\u00e3o, em Belo Horizonte, comprometido com a sua sa\u00fade e bem-estar. \nAqui voc\u00ea n\u00e3o encontrar\u00e1 um estere\u00f3tipo de m\u00e9dico distante e arrogante, mas sim um profissional humano e emp\u00e1tico, disposto a compreender suas dores e ang\u00fastias. \nConte com minha dedica\u00e7\u00e3o t\u00e9cnica e constante atualiza\u00e7\u00e3o com as melhores pr\u00e1ticas comprovadas. \nMinhas \u00e1reas de atua\u00e7\u00e3o incluem doen\u00e7as cerebrovasculares, tumores cerebrais, hidrocefalias, cefaleias, epilepsia e trauma. \nFormado pela Universidade Federal de Minas Gerais e especializado no renomado Biocor Instituto. \nNeurocirurgi\u00e3o cooperado da Unimed-BH, onde tamb\u00e9m atuo como preceptor do Servi\u00e7o de Neurologia e Neurocirurgia. \n\nVenha conhecer minha abordagem humanizada e segura para o seu bem-estar!<\/pre>\n\n\n\n<h2 class=\"wp-block-heading alignwide has-text-align-center has-text-align-wide has-gigantic-font-size\" style=\"line-height:1.1\"><img loading=\"lazy\" decoding=\"async\" width=\"600\" height=\"604\" class=\"wp-image-26\" style=\"width: 600px;\" src=\"https:\/\/paulomallard.com.br\/wp-content\/uploads\/2023\/05\/IMG_5778.png\" alt=\"\" srcset=\"https:\/\/paulomallard.com.br\/wp-content\/uploads\/2023\/05\/IMG_5778.png 4801w, https:\/\/paulomallard.com.br\/wp-content\/uploads\/2023\/05\/IMG_5778-298x300.png 298w, https:\/\/paulomallard.com.br\/wp-content\/uploads\/2023\/05\/IMG_5778-1016x1024.png 1016w, https:\/\/paulomallard.com.br\/wp-content\/uploads\/2023\/05\/IMG_5778-150x150.png 150w, https:\/\/paulomallard.com.br\/wp-content\/uploads\/2023\/05\/IMG_5778-768x774.png 768w, https:\/\/paulomallard.com.br\/wp-content\/uploads\/2023\/05\/IMG_5778-1525x1536.png 1525w, https:\/\/paulomallard.com.br\/wp-content\/uploads\/2023\/05\/IMG_5778-2033x2048.png 2033w, https:\/\/paulomallard.com.br\/wp-content\/uploads\/2023\/05\/IMG_5778-1568x1580.png 1568w\" sizes=\"auto, (max-width: 600px) 100vw, 600px\" \/><\/h2>\n\n\n\n<div style=\"height:50px\" aria-hidden=\"true\" class=\"wp-block-spacer\"><\/div>\n","protected":false},"excerpt":{"rendered":"<p>Sou m\u00e9dico neurocirurgi\u00e3o, em Belo Horizonte, comprometido com a sua sa\u00fade e bem-estar. Aqui voc\u00ea n\u00e3o encontrar\u00e1 um estere\u00f3tipo de m\u00e9dico distante e arrogante, mas sim um profissional humano e emp\u00e1tico, disposto a compreender suas dores e ang\u00fastias. Conte com minha dedica\u00e7\u00e3o t\u00e9cnica e constante atualiza\u00e7\u00e3o com as melhores pr\u00e1ticas comprovadas. Minhas \u00e1reas de atua\u00e7\u00e3o [&hellip;]<\/p>\n","protected":false},"author":1,"featured_media":0,"parent":0,"menu_order":0,"comment_status":"closed","ping_status":"closed","template":"","meta":{"footnotes":""},"class_list":["post-6","page","type-page","status-publish","hentry"],"_links":{"self":[{"href":"https:\/\/paulomallard.com.br\/index.php?rest_route=\/wp\/v2\/pages\/6","targetHints":{"allow":["GET"]}}],"collection":[{"href":"https:\/\/paulomallard.com.br\/index.php?rest_route=\/wp\/v2\/pages"}],"about":[{"href":"https:\/\/paulomallard.com.br\/index.php?rest_route=\/wp\/v2\/types\/page"}],"author":[{"embeddable":true,"href":"https:\/\/paulomallard.com.br\/index.php?rest_route=\/wp\/v2\/users\/1"}],"replies":[{"embeddable":true,"href":"https:\/\/paulomallard.com.br\/index.php?rest_route=%2Fwp%2Fv2%2Fcomments&post=6"}],"version-history":[{"count":6,"href":"https:\/\/paulomallard.com.br\/index.php?rest_route=\/wp\/v2\/pages\/6\/revisions"}],"predecessor-version":[{"id":56,"href":"https:\/\/paulomallard.com.br\/index.php?rest_route=\/wp\/v2\/pages\/6\/revisions\/56"}],"wp:attachment":[{"href":"https:\/\/paulomallard.com.br\/index.php?rest_route=%2Fwp%2Fv2%2Fmedia&parent=6"}],"curies":[{"name":"wp","href":"https:\/\/api.w.org\/{rel}","templated":true}]}}